{"id":766,"date":"2026-04-08T11:44:13","date_gmt":"2026-04-08T11:44:13","guid":{"rendered":"https:\/\/peflon.com\/contact\/"},"modified":"2026-04-10T10:05:28","modified_gmt":"2026-04-10T10:05:28","slug":"kontakt","status":"publish","type":"page","link":"https:\/\/peflon.com\/de\/contact\/","title":{"rendered":"Kontakt"},"content":{"rendered":"<h1>Contact Us<\/h1>\n<p>Whether you\u2019re interested in our products, need a quote, or have any other requirements, we look forward to hearing from you. And you will get a perfact solution.<\/p>\n<ul>\n<li>\n<p><span>Changqian Road, Kecheng, Quzhou, Zhejiang, China, 324000<\/span>\n<\/p>\n<\/li>\n<li>\n<p><span>+86 13957007557<\/span>\n<\/p>\n<\/li>\n<li>\n<p><span>info@peflon.com<\/span>\n<\/p>\n<\/li>\n<\/ul>\n<p>[peflon_form]<\/p>\n","protected":false},"excerpt":{"rendered":"<p>Kontaktieren Sie uns! Ob Sie sich f\u00fcr unsere Produkte interessieren, ein Angebot ben\u00f6tigen oder sonstige W\u00fcnsche haben \u2013 wir freuen uns, von Ihnen zu h\u00f6ren.<\/p>","protected":false},"author":1,"featured_media":0,"parent":0,"menu_order":0,"comment_status":"closed","ping_status":"closed","template":"","meta":{"_acf_changed":false,"footnotes":""},"class_list":["post-766","page","type-page","status-publish"],"acf":[],"_links":{"self":[{"href":"https:\/\/peflon.com\/de\/wp-json\/wp\/v2\/pages\/766","targetHints":{"allow":["GET"]}}],"collection":[{"href":"https:\/\/peflon.com\/de\/wp-json\/wp\/v2\/pages"}],"about":[{"href":"https:\/\/peflon.com\/de\/wp-json\/wp\/v2\/types\/page"}],"author":[{"embeddable":true,"href":"https:\/\/peflon.com\/de\/wp-json\/wp\/v2\/users\/1"}],"replies":[{"embeddable":true,"href":"https:\/\/peflon.com\/de\/wp-json\/wp\/v2\/comments?post=766"}],"version-history":[{"count":4,"href":"https:\/\/peflon.com\/de\/wp-json\/wp\/v2\/pages\/766\/revisions"}],"predecessor-version":[{"id":6157,"href":"https:\/\/peflon.com\/de\/wp-json\/wp\/v2\/pages\/766\/revisions\/6157"}],"wp:attachment":[{"href":"https:\/\/peflon.com\/de\/wp-json\/wp\/v2\/media?parent=766"}],"curies":[{"name":"wp","href":"https:\/\/api.w.org\/{rel}","templated":true}]}}