{"id":148,"date":"2026-04-08T10:44:58","date_gmt":"2026-04-08T10:44:58","guid":{"rendered":"https:\/\/peflon.com\/fep-dispersion\/"},"modified":"2026-04-10T12:10:51","modified_gmt":"2026-04-10T12:10:51","slug":"fep-dagilimi","status":"publish","type":"page","link":"https:\/\/peflon.com\/tr\/fep-dispersion\/","title":{"rendered":"FEP Da\u011f\u0131l\u0131m\u0131"},"content":{"rendered":"<div class=\"pf-section pf-hero pf-sec-white\">\n<div class=\"pf-hero-grid\">\n<div class=\"pf-hero-text\">\n<h1>Fluoroplastic FEP Dispersion<\/h1>\n<p><a class=\"pf-btn\" href=\"\/tr\/contact\/\">\u015eimdi Sorgu G\u00f6nder<\/a><\/p>\n<\/div>\n<div class=\"pf-hero-img\"><\/div>\n<\/div>\n<\/div>\n<div class=\"pf-section pf-sec-gray\">\n<h2>Application of Fluoroplastic FEP Dispersion<\/h2>\n<div class=\"pf-section-intro\">\n<p>FEP dispersion has a variety of different applications, including industrial, food, aerospace, semiconductor, etc.<\/p>\n<ul>\n<li><span>Heat-sealable top coatings for PTFE-coated fabrics for belting, circuit boards, architectural fabrics, and electrical insulation <\/span><\/li>\n<li><span>Cast film for capacitor dielectrics or chemical barriers<\/span><\/li>\n<li><span>Hot melt adhesive for PTFE, PFA, and FEP parts <\/span><\/li>\n<li><span>Metal coatings<\/span><\/li>\n<\/ul>\n<\/div>\n<div class=\"pf-apps-grid\">\n<div class=\"pf-app-card\">\n<div class=\"pf-app-card-img\"><img decoding=\"async\" alt=\"Electronic and electrical insulation\" loading=\"lazy\" src=\"https:\/\/peflon.com\/wp-content\/uploads\/elementor\/thumbs\/pfa\u4ea7\u54c1\u548c\u5e94\u7528-\u526f\u672c-qzzq11srlce60to6gl3v11se6ftdc6i10y04j28fjs.jpg\"\/><\/div>\n<div class=\"pf-app-card-body\">\n<h3>Electronic and Electrical Insulation<\/h3>\n<p>Excellent electrical insulation properties.<\/p>\n<\/div>\n<\/div>\n<div class=\"pf-app-card\">\n<div class=\"pf-app-card-img\"><img decoding=\"async\" alt=\"Kaplama\" loading=\"lazy\" src=\"https:\/\/peflon.com\/wp-content\/uploads\/elementor\/thumbs\/electrical-insulation-qutbd7khiybuxroeen4nrw1mt3t88neibyfamd01x4.jpg\"\/><\/div>\n<div class=\"pf-app-card-body\">\n<h3>Kaplama<\/h3>\n<p>Non-stick Coating for cookware, bakeware, or metal coating film.<\/p>\n<\/div>\n<\/div>\n<div class=\"pf-app-card\">\n<div class=\"pf-app-card-img\"><img decoding=\"async\" alt=\"Treatment of fibers and fabrics\" loading=\"lazy\" src=\"https:\/\/peflon.com\/wp-content\/uploads\/elementor\/thumbs\/fabric-qvfw9yr1frkmgyzkshs1n14d6dk4pug9v1mrh1uv94.jpg\"\/><\/div>\n<div class=\"pf-app-card-body\">\n<h3>Treatment of Fibers and Fabrics<\/h3>\n<p>Improves abrasion, water and corrosion resistance.<\/p>\n<p><a aria-label=\"Treatment of Fibers and Fabrics\" class=\"pf-app-card-link\" href=\"https:\/\/peflon.com\/tr\/ptfe-resin\/\"><\/a><\/div>\n<\/div>\n<div class=\"pf-app-card\">\n<div class=\"pf-app-card-img\"><img decoding=\"async\" alt=\"Medical equipment\" loading=\"lazy\" src=\"https:\/\/peflon.com\/wp-content\/uploads\/elementor\/thumbs\/medical-equipment-1-qvfwa0mptfn746wuhilas0nad5av58nqjaxqfls2wo.jpg\"\/><\/div>\n<div class=\"pf-app-card-body\">\n<h3>Medical Equipment<\/h3>\n<p>FEP dispersion can be used to coat medical devices, reducing bacterial adhesion and increasing durability.<\/p>\n<\/div>\n<\/div>\n<\/div>\n<\/div>\n<div class=\"pf-section pf-sec-white\">\n<h2>Related Fluoropolymers to FEP Dispersion<\/h2>\n<div class=\"pf-related-grid\">\n<div class=\"pf-related-card\">\n<div class=\"pf-related-img\"><img decoding=\"async\" alt=\"K\u00f6p\u00fckl\u00fc FEP Re\u00e7inesi\" loading=\"lazy\" src=\"https:\/\/peflon.com\/wp-content\/uploads\/2026\/04\/fep-foam-resin.jpg\"\/><\/div>\n<div class=\"pf-related-body\">\n<h4>K\u00f6p\u00fckl\u00fc FEP Re\u00e7inesi<\/h4>\n<p>FEP Foam Resins are foamed by injecting gas while extruding. During the production process, as the gas expands, holes are formed. The\u2026<\/p>\n<p><a class=\"pf-btn\" href=\"https:\/\/peflon.com\/tr\/fep\/foamed-fep-resin\/\">Daha fazla bilgi edin<\/a><\/div>\n<\/div>\n<div class=\"pf-related-card\">\n<div class=\"pf-related-img\"><img decoding=\"async\" alt=\"Molding Grade FEP\" loading=\"lazy\" src=\"https:\/\/peflon.com\/wp-content\/uploads\/2026\/04\/fep-for-molding-resin.jpeg\"\/><\/div>\n<div class=\"pf-related-body\">\n<h4>Molding Grade FEP<\/h4>\n<p>Looking for excellence in FEP (Fluorinated Ethylene Propylene) resin molding? Your search ends here! At Peflon, we\u2019ve mastered the craft of\u2026<\/p>\n<p><a class=\"pf-btn\" href=\"https:\/\/peflon.com\/tr\/molding-grade-fep\/\">Daha fazla bilgi edin<\/a><\/div>\n<\/div>\n<div class=\"pf-related-card\">\n<div class=\"pf-related-img\"><img decoding=\"async\" alt=\"FEP\" loading=\"lazy\" src=\"https:\/\/peflon.com\/wp-content\/uploads\/2026\/04\/fep.jpg\"\/><\/div>\n<div class=\"pf-related-body\">\n<h4>FEP<\/h4>\n<p>Peflon provides three main FEP material types for your needs:<\/p>\n<p><a class=\"pf-btn\" href=\"https:\/\/peflon.com\/tr\/fep\/\">Daha fazla bilgi edin<\/a><\/div>\n<\/div>\n<div class=\"pf-related-card\">\n<div class=\"pf-related-img\"><img decoding=\"async\" alt=\"FEP Cable\/Wire\" loading=\"lazy\" src=\"https:\/\/peflon.com\/wp-content\/uploads\/2026\/04\/pfa-1.jpg\"\/><\/div>\n<div class=\"pf-related-body\">\n<h4>FEP Cable\/Wire<\/h4>\n<p><a class=\"pf-btn\" href=\"https:\/\/peflon.com\/tr\/fep-cable-wire\/\">Daha fazla bilgi edin<\/a><\/div>\n<\/div>\n<\/div>\n<\/div>\n<div class=\"pf-section pf-sec-gray\">\n<h2>Peflon Support for FEP Dispers<\/h2>\n<p>Technical support for PVDF raw material is focused on material understanding, not process control. Peflon supports buyers by providing clear information on PVDF material properties, batch consistency, and suitability for specific application types. This helps you reduce uncertainty during qualification and sourcing.<\/p>\n<div class=\"pf-blog-grid\">\n<div class=\"pf-blog-card\"><a class=\"pf-blog-img\" href=\"https:\/\/peflon.com\/tr\/what-is-peek-dental-material\/\"><img decoding=\"async\" alt=\"PEEK di\u015f malzemesi nedir?\" loading=\"lazy\" src=\"https:\/\/peflon.com\/wp-content\/uploads\/2026\/04\/medical-grade-PEEK-dental-blanks-unfilled-vs-carbon-filled-comparison-1.jpeg\"\/><\/a><\/p>\n<div class=\"pf-blog-body\">\n<div class=\"pf-blog-cat\">Wire And Cable<\/div>\n<h3><a href=\"https:\/\/peflon.com\/tr\/what-is-peek-dental-material\/\">What Is PEEK Dental Material?<\/a><\/h3>\n<p><a class=\"pf-blog-readmore\" href=\"https:\/\/peflon.com\/tr\/what-is-peek-dental-material\/\">Devam\u0131n\u0131 Oku \u2192<\/a><\/div>\n<\/div>\n<div class=\"pf-blog-card\"><a class=\"pf-blog-img\" href=\"https:\/\/peflon.com\/tr\/compression-molding-basics-what-you-need-to-know\/\"><img decoding=\"async\" alt=\"S\u0131k\u0131\u015ft\u0131rma Kal\u0131plama Temelleri: Bilmeniz Gerekenler\" loading=\"lazy\" src=\"https:\/\/peflon.com\/wp-content\/uploads\/2026\/04\/how-to-compression-molding.webp\"\/><\/a><\/p>\n<div class=\"pf-blog-body\">\n<div class=\"pf-blog-cat\">Wire And Cable<\/div>\n<h3><a href=\"https:\/\/peflon.com\/tr\/compression-molding-basics-what-you-need-to-know\/\">S\u0131k\u0131\u015ft\u0131rma Kal\u0131plama Temelleri: Bilmeniz Gerekenler<\/a><\/h3>\n<p><a class=\"pf-blog-readmore\" href=\"https:\/\/peflon.com\/tr\/compression-molding-basics-what-you-need-to-know\/\">Devam\u0131n\u0131 Oku \u2192<\/a><\/div>\n<\/div>\n<div class=\"pf-blog-card\"><a class=\"pf-blog-img\" href=\"https:\/\/peflon.com\/tr\/what-is-the-difference-between-ptfe-and-teflon\/\"><img decoding=\"async\" alt=\"PTFE ve Teflon Aras\u0131ndaki Fark Nedir?\" loading=\"lazy\" src=\"https:\/\/peflon.com\/wp-content\/uploads\/2026\/04\/nonstick-cookware-1.jpg\"\/><\/a><\/p>\n<div class=\"pf-blog-body\">\n<div class=\"pf-blog-cat\">Wire And Cable<\/div>\n<h3><a href=\"https:\/\/peflon.com\/tr\/what-is-the-difference-between-ptfe-and-teflon\/\">What Is the Difference Between PTFE and Teflon?<\/a><\/h3>\n<p><a class=\"pf-blog-readmore\" href=\"https:\/\/peflon.com\/tr\/what-is-the-difference-between-ptfe-and-teflon\/\">Devam\u0131n\u0131 Oku \u2192<\/a><\/div>\n<\/div>\n<div class=\"pf-blog-card\"><a class=\"pf-blog-img\" href=\"https:\/\/peflon.com\/tr\/how-long-does-ceramic-coating-last\/\"><img decoding=\"async\" alt=\"How long does ceramic coating last?\" loading=\"lazy\" src=\"https:\/\/peflon.com\/wp-content\/uploads\/2026\/04\/ceramic-coating.webp\"\/><\/a><\/p>\n<div class=\"pf-blog-body\">\n<div class=\"pf-blog-cat\">Wire And Cable<\/div>\n<h3><a href=\"https:\/\/peflon.com\/tr\/how-long-does-ceramic-coating-last\/\">How Long Does Ceramic Coating Last?<\/a><\/h3>\n<p><a class=\"pf-blog-readmore\" href=\"https:\/\/peflon.com\/tr\/how-long-does-ceramic-coating-last\/\">Devam\u0131n\u0131 Oku \u2192<\/a><\/div>\n<\/div>\n<\/div>\n<\/div>\n<div class=\"pf-section pf-sec-blue\">\n<div class=\"pf-contact-grid\">\n<div class=\"pf-contact-text\">\n<h2>Bize Ula\u015f\u0131n<\/h2>\n<p>Whether you are a manufacturer or distributor, contact us for a Free sample or solution of FEP Dispersion. Peflon provides a one-stop technical solution.<\/p>\n<ul>\n<li><span>Kecheng, Quzhou, Zhejiang, \u00c7in<\/span><\/li>\n<li><span>+86 13957007557<\/span><\/li>\n<li><span>info@peflon.com<\/span><\/li>\n<\/ul>\n<\/div>\n<div class=\"pf-contact-form\">\n<form class=\"pc-form\" method=\"post\" action=\"https:\/\/peflon.com\/wp-admin\/admin-post.php\">\n            <input type=\"hidden\" name=\"action\" value=\"pc_contact_form\"><br \/>\n            <input type=\"hidden\" name=\"pc_source\" value=\"contact\"><br \/>\n            <input type=\"hidden\" id=\"pc_contact_nonce\" name=\"pc_contact_nonce\" value=\"604708a2fc\" \/><input type=\"hidden\" name=\"_wp_http_referer\" value=\"\/wp-json\/wp\/v2\/pages?slug=fep-dispersion\" \/>            <\/p>\n<div class=\"pc-form-row\">\n<div class=\"pc-form-field pc-form-field--half\">\n                    <label>\u0130sim <span>*<\/span><\/label><br \/>\n                    <input type=\"text\" name=\"pc_name\" required>\n                <\/div>\n<div class=\"pc-form-field pc-form-field--half\">\n                    <label>Telefon<\/label><br \/>\n                    <input type=\"tel\" name=\"pc_phone\">\n                <\/div>\n<\/p><\/div>\n<div class=\"pc-form-field\">\n                <label>E-posta <span>*<\/span><\/label><br \/>\n                <input type=\"email\" name=\"pc_email\" required>\n            <\/div>\n<div class=\"pc-form-field\">\n                <label>Mesaj<\/label><br \/>\n                <textarea name=\"pc_message\" rows=\"4\"><\/textarea>\n            <\/div>\n<p>            <button type=\"submit\" class=\"pc-btn\">Mesaj G\u00f6nder<\/button><br \/>\n        <\/form>\n<\/p><\/div>\n<\/div>\n<\/div>","protected":false},"excerpt":{"rendered":"<p>Fluoroplastic FEP Dispersion CAS No.\uff1a25067-11-2\u00a0\u00a0 Reach, Rohs compliant. PFOA Free. We provide OEM &amp; ODM available. Packing in 25kg, 1250kg Delivery in 7 days. Send<\/p>","protected":false},"author":1,"featured_media":0,"parent":0,"menu_order":0,"comment_status":"closed","ping_status":"closed","template":"","meta":{"_acf_changed":false,"footnotes":""},"class_list":["post-148","page","type-page","status-publish"],"acf":[],"_links":{"self":[{"href":"https:\/\/peflon.com\/tr\/wp-json\/wp\/v2\/pages\/148","targetHints":{"allow":["GET"]}}],"collection":[{"href":"https:\/\/peflon.com\/tr\/wp-json\/wp\/v2\/pages"}],"about":[{"href":"https:\/\/peflon.com\/tr\/wp-json\/wp\/v2\/types\/page"}],"author":[{"embeddable":true,"href":"https:\/\/peflon.com\/tr\/wp-json\/wp\/v2\/users\/1"}],"replies":[{"embeddable":true,"href":"https:\/\/peflon.com\/tr\/wp-json\/wp\/v2\/comments?post=148"}],"version-history":[{"count":18,"href":"https:\/\/peflon.com\/tr\/wp-json\/wp\/v2\/pages\/148\/revisions"}],"predecessor-version":[{"id":6304,"href":"https:\/\/peflon.com\/tr\/wp-json\/wp\/v2\/pages\/148\/revisions\/6304"}],"wp:attachment":[{"href":"https:\/\/peflon.com\/tr\/wp-json\/wp\/v2\/media?parent=148"}],"curies":[{"name":"wp","href":"https:\/\/api.w.org\/{rel}","templated":true}]}}