{"id":632,"date":"2026-04-08T11:32:25","date_gmt":"2026-04-08T11:32:25","guid":{"rendered":"https:\/\/peflon.com\/modified-ptfe\/"},"modified":"2026-04-10T12:10:41","modified_gmt":"2026-04-10T12:10:41","slug":"modified-ptfe","status":"publish","type":"page","link":"https:\/\/peflon.com\/tr\/modified-ptfe\/","title":{"rendered":"Modifiye PTFE"},"content":{"rendered":"<div class=\"pf-section pf-hero pf-sec-white\">\n<div class=\"pf-hero-grid\">\n<div class=\"pf-hero-text\">\n<h1>Modifiye PTFE Tozu<\/h1>\n<\/div>\n<div class=\"pf-hero-img\"><img decoding=\"async\" alt=\"MODIFIED PTFE Powder\" loading=\"eager\" src=\"https:\/\/peflon.com\/wp-content\/uploads\/2026\/04\/1-6.png\"\/><\/div>\n<\/div>\n<\/div>\n<div class=\"pf-section pf-sec-gray\">\n<div>\n<h2>What Is Modified PTFE?<\/h2>\n<p><strong>Peflon Modified PTFE<\/strong> is to change the structure or performance of conventional PTFE material by physical or chemical means to enhance its characteristics and make it adapt to more demanding applications. By adding some other substances to the conventional PTFE, we make the conventional PTFE has excellent high temperature resistance, chemical resistance, low coefficient of friction and self-lubricating properties,. Through modification, PTFE\u2019s properties are optimized to meet specific industry requirements.<\/p>\n<\/div>\n<\/div>\n<div class=\"pf-section pf-sec-white\">\n<h2>Types of Modified Methods<\/h2>\n<p><strong><b>Physical modification:\u00a0<\/b><\/strong><\/p>\n<p>Physical modification is accomplished by changing the physical form or appearance of the structure of PTFE without altering its chemical composition.<\/p>\n<p><strong><b>Filled modified PTFE powder<\/b><\/strong><\/p>\n<p>Peflon Filled Modified PTFE Powder is a modified material that improves the properties of PTFE by adding filler materials to it.<\/p>\n<\/div>\n<div class=\"pf-section pf-sec-gray\">\n<h2>Types of Modified PTFE Powder<\/h2>\n<div class=\"pf-features\">\n<div class=\"pf-feature\">\n<h4>Glass Filled PTFE<\/h4>\n<p>Abrasion resistance<\/p>\n<p><a class=\"pf-btn\" href=\"\/tr\/contact\/\">\u015eimdi Sorgu G\u00f6nder<\/a><\/p>\n<p><a href=\"\/tr\/carbon-teflon\/\" target=\"_blank\"><br \/>\n<img alt=\"\" class=\"attachment-large size-large wp-image-4339\" decoding=\"async\" height=\"400\" loading=\"lazy\" sizes=\"auto, (max-width: 600px) 100vw, 600px\" src=\"https:\/\/peflon.com\/wp-content\/uploads\/2026\/04\/2.png\" srcset=\"https:\/\/peflon.com\/wp-content\/uploads\/2026\/04\/2.png 600w, https:\/\/peflon.com\/wp-content\/uploads\/2026\/04\/2.png 300w\" width=\"600\"\/> <\/a><\/p>\n<\/div>\n<div class=\"pf-feature\">\n<h4>Carbonfilled PTFE<\/h4>\n<p>Abrasion and heat resistance<\/p>\n<p><a class=\"pf-btn\" href=\"\/tr\/contact\/\">\u015eimdi Sorgu G\u00f6nder<\/a><\/p>\n<p><a href=\"https:\/\/peflon.com\/tr\/graphite-filled-ptfe\/\"><br \/>\n<img alt=\"\" class=\"attachment-large size-large wp-image-4340\" decoding=\"async\" height=\"400\" loading=\"lazy\" sizes=\"auto, (max-width: 600px) 100vw, 600px\" src=\"https:\/\/peflon.com\/wp-content\/uploads\/2026\/04\/3.png\" srcset=\"https:\/\/peflon.com\/wp-content\/uploads\/2026\/04\/3.png 600w, https:\/\/peflon.com\/wp-content\/uploads\/2026\/04\/3.png 300w\" width=\"600\"\/> <\/a><\/p>\n<\/div>\n<div class=\"pf-feature\">\n<h4>Graphite\u00a0Filled PTFE<\/h4>\n<p>Self-lubricating properties and electrical conductivity.<\/p>\n<p><a class=\"pf-btn\" href=\"\/tr\/contact\/\">\u015eimdi Sorgu G\u00f6nder<\/a><\/p>\n<p><a href=\"\/tr\/bronze-filled-ptfe\/\" target=\"_blank\"><br \/>\n<img alt=\"\" class=\"attachment-large size-large wp-image-4341\" decoding=\"async\" height=\"400\" loading=\"lazy\" sizes=\"auto, (max-width: 600px) 100vw, 600px\" src=\"https:\/\/peflon.com\/wp-content\/uploads\/2026\/04\/4-1.png\" srcset=\"https:\/\/peflon.com\/wp-content\/uploads\/2026\/04\/4-1.png 600w, https:\/\/peflon.com\/wp-content\/uploads\/2026\/04\/4-1.png 300w\" width=\"600\"\/> <\/a><\/p>\n<\/div>\n<div class=\"pf-feature\">\n<h4>Bronze Powder Modified PTFE<\/h4>\n<p>Abrasion resistance and compressive strength.<\/p>\n<p><a class=\"pf-btn\" href=\"\/tr\/contact\/\">\u015eimdi Sorgu G\u00f6nder<\/a><\/p>\n<p><a href=\"https:\/\/peflon.com\/tr\/mos%e2%82%82-filled-ptfe\/\" target=\"_blank\"><br \/>\n<img alt=\"\" class=\"attachment-large size-large wp-image-4342\" decoding=\"async\" height=\"400\" loading=\"lazy\" sizes=\"auto, (max-width: 600px) 100vw, 600px\" src=\"https:\/\/peflon.com\/wp-content\/uploads\/2026\/04\/1-2.png\" srcset=\"https:\/\/peflon.com\/wp-content\/uploads\/2026\/04\/1-2.png 600w, https:\/\/peflon.com\/wp-content\/uploads\/2026\/04\/1-2.png 300w\" width=\"600\"\/> <\/a><\/p>\n<\/div>\n<div class=\"pf-feature\">\n<h4>Mos\u2082  Modified PTFE<\/h4>\n<p>Abrasion resistance<\/p>\n<p><a class=\"pf-btn\" href=\"\/tr\/contact\/\">\u015eimdi Sorgu G\u00f6nder<\/a><\/p>\n<p><img alt=\"\" class=\"attachment-large size-large wp-image-4343\" decoding=\"async\" height=\"400\" loading=\"lazy\" sizes=\"auto, (max-width: 600px) 100vw, 600px\" src=\"https:\/\/peflon.com\/wp-content\/uploads\/2026\/04\/2-1.png\" srcset=\"https:\/\/peflon.com\/wp-content\/uploads\/2026\/04\/2-1.png 600w, https:\/\/peflon.com\/wp-content\/uploads\/2026\/04\/2-1.png 300w\" width=\"600\"\/> <\/p>\n<\/div>\n<div class=\"pf-feature\">\n<h4>Pob Modified PTFE<\/h4>\n<p>Abrasion resistance<\/p>\n<p><a class=\"pf-btn\" href=\"\/tr\/contact\/\">\u015eimdi Sorgu G\u00f6nder<\/a><\/p>\n<p><img alt=\"\" class=\"attachment-large size-large wp-image-4344\" decoding=\"async\" height=\"400\" loading=\"lazy\" sizes=\"auto, (max-width: 600px) 100vw, 600px\" src=\"https:\/\/peflon.com\/wp-content\/uploads\/2026\/04\/3-1.png\" srcset=\"https:\/\/peflon.com\/wp-content\/uploads\/2026\/04\/3-1.png 600w, https:\/\/peflon.com\/wp-content\/uploads\/2026\/04\/3-1.png 300w\" width=\"600\"\/> <\/p>\n<\/div>\n<div class=\"pf-feature\">\n<h4>PEEK Modified PTFE<\/h4>\n<p>Mechanical strength<\/p>\n<p><a class=\"pf-btn\" href=\"\/tr\/contact\/\">\u015eimdi Sorgu G\u00f6nder<\/a><\/p>\n<p><img alt=\"\" class=\"attachment-large size-large wp-image-4345\" decoding=\"async\" height=\"400\" loading=\"lazy\" sizes=\"auto, (max-width: 600px) 100vw, 600px\" src=\"https:\/\/peflon.com\/wp-content\/uploads\/2026\/04\/4-2.png\" srcset=\"https:\/\/peflon.com\/wp-content\/uploads\/2026\/04\/4-2.png 600w, https:\/\/peflon.com\/wp-content\/uploads\/2026\/04\/4-2.png 300w\" width=\"600\"\/> <\/p>\n<\/div>\n<div class=\"pf-feature\">\n<h4>PI Modified PTFE<\/h4>\n<p>Mechanical strength<\/p>\n<p><a class=\"pf-btn\" href=\"\/tr\/contact\/\">\u015eimdi Sorgu G\u00f6nder<\/a><\/p>\n<p><img alt=\"\" class=\"attachment-large size-large wp-image-4347\" decoding=\"async\" height=\"400\" loading=\"lazy\" sizes=\"auto, (max-width: 600px) 100vw, 600px\" src=\"https:\/\/peflon.com\/wp-content\/uploads\/2026\/04\/6-1.png\" srcset=\"https:\/\/peflon.com\/wp-content\/uploads\/2026\/04\/6-1.png 600w, https:\/\/peflon.com\/wp-content\/uploads\/2026\/04\/6-1.png 300w\" width=\"600\"\/> <\/p>\n<\/div>\n<div class=\"pf-feature\">\n<h4>PPS Modified PTFE<\/h4>\n<p>Heat stability<\/p>\n<p><a class=\"pf-btn\" href=\"\/tr\/contact\/\">\u015eimdi Sorgu G\u00f6nder<\/a><\/p>\n<\/div>\n<\/div>\n<p><img alt=\"PTFE tozu\" decoding=\"async\" loading=\"lazy\" src=\"https:\/\/peflon.com\/wp-content\/uploads\/2026\/04\/2-5.jpg\" title=\"Surface-modified PTFE powder\"\/> <\/p>\n<\/div>\n<div class=\"pf-section pf-sec-white\">\n<h2>Surface-Modified PTFE Powder<\/h2>\n<p>The surface activity or adhesion of PTFE powders is enhanced by surface treatment. The PTFE powder thus treated adheres more readily to other materials in coatings or composites.<\/p>\n<\/div>\n<div class=\"pf-section pf-sec-gray\">\n<h2>Chemical Modification<\/h2>\n<p>Chemical modification is the process of altering the properties of a material by changing the chemical structure of the PTFE molecule or introducing other chemical groups into its molecular chain.<\/p>\n<div class=\"e-grid\">\n<p><img alt=\"Copolymerized modified PTFE powder\" decoding=\"async\" loading=\"lazy\" src=\"https:\/\/peflon.com\/wp-content\/uploads\/2026\/04\/3-2.jpg\" title=\"Copolymerized modified PTFE powder\"\/> <\/p>\n<h2>Copolymerized Modified PTFE Powder<\/h2>\n<p>The incorporation of other fluoropolymers, such as <a href=\"https:\/\/peflon.com\/tr\/pfa-resin\/\" rel=\"noopener\" target=\"_blank\">PFA<\/a> and <a href=\"https:\/\/peflon.com\/tr\/fep\/\" rel=\"noopener\" target=\"_blank\">FEP<\/a>, into the molecular structure of PTFE can improve its processability or give it new properties.<\/p>\n<\/div>\n<\/div>\n<div class=\"pf-section pf-sec-white\">\n<h2>Modified PTFE Applications<\/h2>\n<div class=\"pf-section-intro\">\n<p>Peflon modified PTFE, enhanced with fillers for improved mechanical strength and wear resistance, is widely used in seals, bearings, sliding parts, high-temperature and corrosive environments, electronic equipment, medical devices, aerospace, and automotive industries, thanks to its excellent chemical resistance, high-temperature resistance, and low friction.<\/p>\n<\/div>\n<div class=\"pf-apps-grid\">\n<div class=\"pf-app-card\">\n<div class=\"pf-app-card-img\"><img decoding=\"async\" alt=\"Molding Sheet\" loading=\"lazy\" src=\"https:\/\/peflon.com\/wp-content\/uploads\/2023\/11\/ptfe-sheet.jpeg\"\/><\/div>\n<div class=\"pf-app-card-body\">\n<h3>Molding Sheet<\/h3>\n<p>It is widely used in chemical equipment, seals, insulating materials, mechanical gaskets and other fields.<\/p>\n<p><a aria-label=\"Molding Sheet\" class=\"pf-app-card-link\" href=\"https:\/\/peflon.com\/tr\/ptfe-teflon-sheet\/\"><\/a><\/div>\n<\/div>\n<div class=\"pf-app-card\">\n<div class=\"pf-app-card-img\"><img decoding=\"async\" alt=\"PTFE \u00c7ubuk\" loading=\"lazy\" src=\"https:\/\/peflon.com\/wp-content\/uploads\/2024\/09\/filled-ptfe-rod.png\"\/><\/div>\n<div class=\"pf-app-card-body\">\n<h3>PTFE \u00c7ubuk<\/h3>\n<p>Used in chemical, mechanical, electronic, electrical, commonly used in the manufacture of corrosion-resistant parts, seals and insulating materials.<\/p>\n<p><a aria-label=\"PTFE \u00c7ubuk\" class=\"pf-app-card-link\" href=\"https:\/\/peflon.com\/tr\/ptfe-tube\/\"><\/a><\/div>\n<\/div>\n<div class=\"pf-app-card\">\n<div class=\"pf-app-card-img\"><img decoding=\"async\" alt=\"Cables\" loading=\"lazy\" src=\"https:\/\/peflon.com\/wp-content\/uploads\/2024\/11\/2-4.png\"\/><\/div>\n<div class=\"pf-app-card-body\">\n<h3>Cables<\/h3>\n<p>Modified PTFE is used in cables, insulating parts, etc., with better electrical insulation and anti-pollution properties.<\/p>\n<p><a aria-label=\"Cables\" class=\"pf-app-card-link\" href=\"https:\/\/peflon.com\/tr\/teflon-ptfe-coating\/\"><\/a><\/div>\n<\/div>\n<div class=\"pf-app-card\">\n<div class=\"pf-app-card-img\"><img decoding=\"async\" alt=\"Sliding parts\" loading=\"lazy\" src=\"https:\/\/peflon.com\/wp-content\/uploads\/2024\/11\/1-5.png\"\/><\/div>\n<div class=\"pf-app-card-body\">\n<h3>Sliding Parts<\/h3>\n<p>Bearings, sliders, guide rails, etc., especially suitable for environments requiring low friction.<\/p>\n<p><a aria-label=\"Sliding Parts\" class=\"pf-app-card-link\" href=\"https:\/\/peflon.com\/tr\/ptfe-teflon-rod\/\"><\/a><\/div>\n<\/div>\n<div class=\"pf-app-card\">\n<div class=\"pf-app-card-img\"><img decoding=\"async\" alt=\"Sealing Tape\" loading=\"lazy\" src=\"https:\/\/peflon.com\/wp-content\/uploads\/2023\/11\/teflon-tape.jpeg\"\/><\/div>\n<div class=\"pf-app-card-body\">\n<h3>Sealing Tape<\/h3>\n<p>Used for sealing pipe threads,<br \/>\neffect in the chemical,<br \/>\npetroleum,<br \/>\nnatural gas and<br \/>\nother industries.<\/p>\n<p><a aria-label=\"Sealing Tape\" class=\"pf-app-card-link\" href=\"https:\/\/peflon.com\/tr\/ptfe-tape\/\"><\/a><\/div>\n<\/div>\n<div class=\"pf-app-card\">\n<div class=\"pf-app-card-img\"><img decoding=\"async\" alt=\"PTFE skived film\" loading=\"lazy\" src=\"https:\/\/peflon.com\/wp-content\/uploads\/2023\/11\/skived-film-1.jpeg\"\/><\/div>\n<div class=\"pf-app-card-body\">\n<h3>PTFE Skived Film<\/h3>\n<p>PTFE turning film is widely used in electronic, electrical, chemical and mechanical industries.<\/p>\n<p><a aria-label=\"PTFE Skived Film\" class=\"pf-app-card-link\" href=\"https:\/\/peflon.com\/tr\/ptfe-membrane\/\"><\/a><\/div>\n<\/div>\n<\/div>\n<\/div>\n<div class=\"pf-section pf-sec-gray\">\n<h2>\u0130lgili \u00dcr\u00fcnler<\/h2>\n<div class=\"pf-related-grid\">\n<div class=\"pf-related-card\"><a class=\"pf-related-img\" href=\"https:\/\/peflon.com\/tr\/ptfe-dispersion\/\"><img decoding=\"async\" alt=\"Teflon s\u0131v\u0131s\u0131\" loading=\"lazy\" src=\"https:\/\/peflon.com\/wp-content\/uploads\/2026\/04\/ptfe-dispersion.webp\"\/><\/a><\/p>\n<div class=\"pf-related-body\">\n<h4><a href=\"https:\/\/peflon.com\/tr\/ptfe-dispersion\/\">PTFE Sulu Dispersiyon<\/a><\/h4>\n<p>CAS No: 25067-11-2<br \/>\nMelting point: 213\u00b0C<br \/>\nApplication: Valve, Pump and Pipe liner, Cable, Wire, Spark wire, ignition wire, Pipe, Tube, Film&#8230;<\/p>\n<p><a class=\"pf-btn\" href=\"https:\/\/peflon.com\/tr\/ptfe-dispersion\/\">Daha fazla bilgi edin<\/a><\/div>\n<\/div>\n<\/div>\n<\/div>\n<div class=\"pf-section pf-sec-blue\">\n<div class=\"pf-contact-grid\">\n<div class=\"pf-contact-text\">\n<h2>Bize Ula\u015f\u0131n<\/h2>\n<p>\u0130ster \u00fcretici ister distrib\u00fct\u00f6r olun, \u00fccretsiz numune veya \u00e7\u00f6z\u00fcm i\u00e7in bizimle ileti\u015fime ge\u00e7in, Peflon tek elden teknik \u00e7\u00f6z\u00fcm sunar.<\/p>\n<ul>\n<li><span>Kecheng, Quzhou, Zhejiang, \u00c7in<\/span><\/li>\n<li><span>+86 13957007557<\/span><\/li>\n<li><span>info@peflon.com<\/span><\/li>\n<\/ul>\n<\/div>\n<div class=\"pf-contact-form\">\n<form class=\"pc-form\" method=\"post\" action=\"https:\/\/peflon.com\/wp-admin\/admin-post.php\">\n            <input type=\"hidden\" name=\"action\" value=\"pc_contact_form\"><br \/>\n            <input type=\"hidden\" name=\"pc_source\" value=\"contact\"><br \/>\n            <input type=\"hidden\" id=\"pc_contact_nonce\" name=\"pc_contact_nonce\" value=\"604708a2fc\" \/><input type=\"hidden\" name=\"_wp_http_referer\" value=\"\/wp-json\/wp\/v2\/pages?slug=modified-ptfe\" \/>            <\/p>\n<div class=\"pc-form-row\">\n<div class=\"pc-form-field pc-form-field--half\">\n                    <label>\u0130sim <span>*<\/span><\/label><br \/>\n                    <input type=\"text\" name=\"pc_name\" required>\n                <\/div>\n<div class=\"pc-form-field pc-form-field--half\">\n                    <label>Telefon<\/label><br \/>\n                    <input type=\"tel\" name=\"pc_phone\">\n                <\/div>\n<\/p><\/div>\n<div class=\"pc-form-field\">\n                <label>E-posta <span>*<\/span><\/label><br \/>\n                <input type=\"email\" name=\"pc_email\" required>\n            <\/div>\n<div class=\"pc-form-field\">\n                <label>Mesaj<\/label><br \/>\n                <textarea name=\"pc_message\" rows=\"4\"><\/textarea>\n            <\/div>\n<p>            <button type=\"submit\" class=\"pc-btn\">Mesaj G\u00f6nder<\/button><br \/>\n        <\/form>\n<\/p><\/div>\n<\/div>\n<\/div>","protected":false},"excerpt":{"rendered":"<p>MODIFIED PTFE Powder CAS No: 9002-84-0 Peflon custom Modified PTFE since 2008, we have existing PTFE formulations, all of our products have gone through a<\/p>","protected":false},"author":1,"featured_media":0,"parent":0,"menu_order":0,"comment_status":"closed","ping_status":"closed","template":"","meta":{"_acf_changed":false,"footnotes":""},"class_list":["post-632","page","type-page","status-publish"],"acf":[],"_links":{"self":[{"href":"https:\/\/peflon.com\/tr\/wp-json\/wp\/v2\/pages\/632","targetHints":{"allow":["GET"]}}],"collection":[{"href":"https:\/\/peflon.com\/tr\/wp-json\/wp\/v2\/pages"}],"about":[{"href":"https:\/\/peflon.com\/tr\/wp-json\/wp\/v2\/types\/page"}],"author":[{"embeddable":true,"href":"https:\/\/peflon.com\/tr\/wp-json\/wp\/v2\/users\/1"}],"replies":[{"embeddable":true,"href":"https:\/\/peflon.com\/tr\/wp-json\/wp\/v2\/comments?post=632"}],"version-history":[{"count":22,"href":"https:\/\/peflon.com\/tr\/wp-json\/wp\/v2\/pages\/632\/revisions"}],"predecessor-version":[{"id":6303,"href":"https:\/\/peflon.com\/tr\/wp-json\/wp\/v2\/pages\/632\/revisions\/6303"}],"wp:attachment":[{"href":"https:\/\/peflon.com\/tr\/wp-json\/wp\/v2\/media?parent=632"}],"curies":[{"name":"wp","href":"https:\/\/api.w.org\/{rel}","templated":true}]}}